{"id":2,"date":"2025-09-11T14:28:00","date_gmt":"2025-09-11T14:28:00","guid":{"rendered":"http:\/\/localhost\/wordpress\/?page_id=2"},"modified":"2025-10-06T10:40:03","modified_gmt":"2025-10-06T10:40:03","slug":"sample-page","status":"publish","type":"page","link":"https:\/\/www.all4cargo.cz\/","title":{"rendered":"All4 Cargo \u2013 V\u00e1\u0161 start v autodoprav\u011b bez \u010dek\u00e1n\u00ed"},"content":{"rendered":"\t\t<div data-elementor-type=\"wp-page\" data-elementor-id=\"2\" class=\"elementor elementor-2\">\n\t\t\t\t<div class=\"elementor-element elementor-element-14d1fa47 e-flex e-con-boxed e-con e-parent\" data-id=\"14d1fa47\" data-element_type=\"container\">\n\t\t\t\t\t<div class=\"e-con-inner\">\n\t\t\t\t<div class=\"elementor-element elementor-element-5800f045 elementor-widget elementor-widget-text-editor\" data-id=\"5800f045\" data-element_type=\"widget\" data-widget_type=\"text-editor.default\">\n\t\t\t\t\t\t\t\t\t<p>V\u00edtejte u All4 Cargo, specialist\u016f na rychl\u00e9 a spolehliv\u00e9 \u0159e\u0161en\u00ed pro podnikatele v doprav\u011b.<\/p>\n<p><!-- \/wp:paragraph --><!-- wp:paragraph --><\/p>\n<p>Pokud chcete ihned za\u010d\u00edt podnikat, bez slo\u017eit\u00e9ho pap\u00edrov\u00e1n\u00ed a zdlouhav\u00e9ho vy\u0159izov\u00e1n\u00ed na \u00fa\u0159adech, jste na spr\u00e1vn\u00e9m m\u00edst\u011b.<\/p>\n<p><!-- \/wp:paragraph --><!-- wp:paragraph --><\/p>\n<p>Nab\u00edz\u00edme hotov\u00e9 spole\u010dnosti s konces\u00ed na dopravu, nebo kompletn\u00ed servis p\u0159i zalo\u017een\u00ed firmy na kl\u00ed\u010d \u2013 v \u010cesku, na Slovensku i v Polsku. Vy\u0159\u00edd\u00edme V\u00e1m tak\u00e9 pot\u0159ebn\u00e9 osv\u011bd\u010den\u00ed finan\u010dn\u00ed zp\u016fsobilosti dopravce, eurolicence, apod.<\/p>\n<p><!-- \/wp:paragraph --><!-- wp:paragraph --><\/p>\n<p>A t\u00edm to nekon\u010d\u00ed \u2013 zajist\u00edme v\u00e1m odpov\u011bdn\u00e9ho z\u00e1stupce &#8211; garanty, a d\u00e1le tak\u00e9 vozidla, financov\u00e1n\u00ed i poji\u0161t\u011bn\u00ed, zajist\u00edme V\u00e1m p\u0159episy vozidel a dal\u0161\u00ed slu\u017eby, kter\u00e9 jsou pot\u0159ebn\u00e9 pro bezprobl\u00e9mov\u00e9 fungov\u00e1n\u00ed Va\u0161\u00ed spole\u010dnosti v autodoprav\u011b, a\u0165 osobn\u00ed (autobusovou) nebo n\u00e1kladn\u00ed &#8211; a to jak s ton\u00e1\u017e\u00ed do 3,5t (dod\u00e1vky apod.), tak i nad 3,5t.<\/p>\n<p><!-- \/wp:paragraph --><!-- wp:paragraph --><\/p>\n<p><strong>\u00a0<\/strong><\/p>\n<p><strong>Kontakt:<\/strong><\/p>\n<p><strong>MAREK BOCEK<\/strong><\/p>\n<p>mobil\/whatsapp: +420 739 521 270<\/p>\n<p>email: info4cargo@gmail.com<\/p>\n<p><!-- \/wp:quote --><!-- wp:paragraph --><\/p>\n<p><!-- \/wp:paragraph --><!-- wp:paragraph --><\/p>\n<p><!-- \/wp:paragraph --><!-- wp:paragraph --><\/p>\n<p><!-- \/wp:paragraph --><!-- wp:paragraph --><\/p>\n<p><!-- \/wp:paragraph --><\/p>\t\t\t\t\t\t\t\t<\/div>\n\t\t\t\t\t<\/div>\n\t\t\t\t<\/div>\n\t\t\t\t<\/div>\n\t\t","protected":false},"excerpt":{"rendered":"<p>V\u00edtejte u All4 Cargo, specialist\u016f na rychl\u00e9 a spolehliv\u00e9 \u0159e\u0161en\u00ed pro podnikatele v doprav\u011b. Pokud chcete ihned za\u010d\u00edt podnikat, bez slo\u017eit\u00e9ho pap\u00edrov\u00e1n\u00ed a zdlouhav\u00e9ho vy\u0159izov\u00e1n\u00ed na \u00fa\u0159adech, jste na spr\u00e1vn\u00e9m m\u00edst\u011b. Nab\u00edz\u00edme hotov\u00e9 spole\u010dnosti s konces\u00ed na dopravu, nebo kompletn\u00ed servis p\u0159i zalo\u017een\u00ed firmy na kl\u00ed\u010d \u2013 v \u010cesku, na Slovensku i v Polsku. Vy\u0159\u00edd\u00edme [&hellip;]<\/p>\n","protected":false},"author":1,"featured_media":0,"parent":0,"menu_order":0,"comment_status":"closed","ping_status":"open","template":"","meta":{"footnotes":""},"class_list":["post-2","page","type-page","status-publish","hentry"],"_links":{"self":[{"href":"https:\/\/www.all4cargo.cz\/index.php?rest_route=\/wp\/v2\/pages\/2","targetHints":{"allow":["GET"]}}],"collection":[{"href":"https:\/\/www.all4cargo.cz\/index.php?rest_route=\/wp\/v2\/pages"}],"about":[{"href":"https:\/\/www.all4cargo.cz\/index.php?rest_route=\/wp\/v2\/types\/page"}],"author":[{"embeddable":true,"href":"https:\/\/www.all4cargo.cz\/index.php?rest_route=\/wp\/v2\/users\/1"}],"replies":[{"embeddable":true,"href":"https:\/\/www.all4cargo.cz\/index.php?rest_route=%2Fwp%2Fv2%2Fcomments&post=2"}],"version-history":[{"count":20,"href":"https:\/\/www.all4cargo.cz\/index.php?rest_route=\/wp\/v2\/pages\/2\/revisions"}],"predecessor-version":[{"id":122,"href":"https:\/\/www.all4cargo.cz\/index.php?rest_route=\/wp\/v2\/pages\/2\/revisions\/122"}],"wp:attachment":[{"href":"https:\/\/www.all4cargo.cz\/index.php?rest_route=%2Fwp%2Fv2%2Fmedia&parent=2"}],"curies":[{"name":"wp","href":"https:\/\/api.w.org\/{rel}","templated":true}]}}