{"id":31,"date":"2025-09-13T16:35:30","date_gmt":"2025-09-13T16:35:30","guid":{"rendered":"https:\/\/www.all4cargo.cz\/?page_id=31"},"modified":"2025-10-06T13:47:31","modified_gmt":"2025-10-06T13:47:31","slug":"kontakt","status":"publish","type":"page","link":"https:\/\/www.all4cargo.cz\/?page_id=31","title":{"rendered":"Kontakt"},"content":{"rendered":"\t\t<div data-elementor-type=\"wp-page\" data-elementor-id=\"31\" class=\"elementor elementor-31\">\n\t\t\t\t<div class=\"elementor-element elementor-element-254a0062 e-flex e-con-boxed e-con e-parent\" data-id=\"254a0062\" data-element_type=\"container\">\n\t\t\t\t\t<div class=\"e-con-inner\">\n\t\t\t\t<div class=\"elementor-element elementor-element-7ff7d2ad elementor-widget elementor-widget-text-editor\" data-id=\"7ff7d2ad\" data-element_type=\"widget\" data-widget_type=\"text-editor.default\">\n\t\t\t\t\t\t\t\t\t\n<h4><strong>MAREK BOCEK<\/strong><\/h4>\n\n<p>mobil\/whatsapp: +420 739 521 270<\/p>\n\n<p>email: info@all4cargo.cz<\/p>\n\n<p>\u00a0<\/p>\n\n<p>Kancel\u00e1\u0159 v Ostrav\u011b najdete na adrese: Smetanovo n\u00e1m\u011bst\u00ed 1, Ostrava<\/p>\n\n<h4><strong>All4 Cargo s.r.o.<\/strong><\/h4>\n\n<p><strong>I\u010cO: 23025522, DI\u010c: CZ23025522<\/strong><\/p>\n\n<p>Kontakt v Praze: Na boji\u0161ti 24, Praha 2 &#8211; Nov\u00e9 M\u011bsto, PS\u010c: 120 00<\/p>\n\n<p>Kontakt v Brn\u011b: Kobli\u017en\u00e1 19, Brno, PS\u010c: 602 00<\/p>\n\n<p>\u00a0<\/p>\n\n<p>Spole\u010dnost zapsan\u00e1 v obchodn\u00edm rejst\u0159\u00edku veden\u00e9m Krajsk\u00fdm soudem v Ostrav\u011b, odd\u00edl C, vlo\u017eka<\/p>\n\t\t\t\t\t\t\t\t<\/div>\n\t\t\t\t\t<\/div>\n\t\t\t\t<\/div>\n\t\t\t\t<\/div>\n\t\t","protected":false},"excerpt":{"rendered":"<p>MAREK BOCEK mobil\/whatsapp: +420 739 521 270 email: info@all4cargo.cz \u00a0 Kancel\u00e1\u0159 v Ostrav\u011b najdete na adrese: Smetanovo n\u00e1m\u011bst\u00ed 1, Ostrava All4 Cargo s.r.o. I\u010cO: 23025522, DI\u010c: CZ23025522 Kontakt v Praze: Na boji\u0161ti 24, Praha 2 &#8211; Nov\u00e9 M\u011bsto, PS\u010c: 120 00 Kontakt v Brn\u011b: Kobli\u017en\u00e1 19, Brno, PS\u010c: 602 00 \u00a0 Spole\u010dnost zapsan\u00e1 v obchodn\u00edm [&hellip;]<\/p>\n","protected":false},"author":1,"featured_media":0,"parent":0,"menu_order":0,"comment_status":"closed","ping_status":"closed","template":"","meta":{"footnotes":""},"class_list":["post-31","page","type-page","status-publish","hentry"],"_links":{"self":[{"href":"https:\/\/www.all4cargo.cz\/index.php?rest_route=\/wp\/v2\/pages\/31","targetHints":{"allow":["GET"]}}],"collection":[{"href":"https:\/\/www.all4cargo.cz\/index.php?rest_route=\/wp\/v2\/pages"}],"about":[{"href":"https:\/\/www.all4cargo.cz\/index.php?rest_route=\/wp\/v2\/types\/page"}],"author":[{"embeddable":true,"href":"https:\/\/www.all4cargo.cz\/index.php?rest_route=\/wp\/v2\/users\/1"}],"replies":[{"embeddable":true,"href":"https:\/\/www.all4cargo.cz\/index.php?rest_route=%2Fwp%2Fv2%2Fcomments&post=31"}],"version-history":[{"count":13,"href":"https:\/\/www.all4cargo.cz\/index.php?rest_route=\/wp\/v2\/pages\/31\/revisions"}],"predecessor-version":[{"id":140,"href":"https:\/\/www.all4cargo.cz\/index.php?rest_route=\/wp\/v2\/pages\/31\/revisions\/140"}],"wp:attachment":[{"href":"https:\/\/www.all4cargo.cz\/index.php?rest_route=%2Fwp%2Fv2%2Fmedia&parent=31"}],"curies":[{"name":"wp","href":"https:\/\/api.w.org\/{rel}","templated":true}]}}